{"id":2951,"date":"2024-07-02T16:28:45","date_gmt":"2024-07-02T14:28:45","guid":{"rendered":"https:\/\/wp.sgm-fischbach-schnetzenhausen.de\/sgm\/?page_id=2951"},"modified":"2025-12-09T22:39:31","modified_gmt":"2025-12-09T21:39:31","slug":"impressum","status":"publish","type":"page","link":"https:\/\/sgm-fischbach-schnetzenhausen.de\/sgm\/impressum\/","title":{"rendered":"Impressum"},"content":{"rendered":"\t\t<div data-elementor-type=\"wp-page\" data-elementor-id=\"2951\" class=\"elementor elementor-2951\">\n\t\t\t\t<div class=\"elementor-element elementor-element-72c3522 e-flex e-con-boxed e-con e-parent\" data-id=\"72c3522\" data-element_type=\"container\" data-e-type=\"container\">\n\t\t\t\t\t<div class=\"e-con-inner\">\n\t\t\t\t<div class=\"elementor-element elementor-element-33910fd elementor-widget__width-inherit animated-slow elementor-widget elementor-widget-heading\" data-id=\"33910fd\" data-element_type=\"widget\" data-e-type=\"widget\" data-settings=\"{&quot;_animation&quot;:&quot;none&quot;,&quot;_animation_delay&quot;:0}\" data-widget_type=\"heading.default\">\n\t\t\t\t<div class=\"elementor-widget-container\">\n\t\t\t\t\t<h6 class=\"elementor-heading-title elementor-size-default\">Impressum<\/h6>\t\t\t\t<\/div>\n\t\t\t\t<\/div>\n\t\t\t\t<div class=\"elementor-element elementor-element-13d5255 elementor-widget__width-initial elementor-widget elementor-widget-spacer\" data-id=\"13d5255\" data-element_type=\"widget\" data-e-type=\"widget\" data-widget_type=\"spacer.default\">\n\t\t\t\t<div class=\"elementor-widget-container\">\n\t\t\t\t\t\t\t<div class=\"elementor-spacer\">\n\t\t\t<div class=\"elementor-spacer-inner\"><\/div>\n\t\t<\/div>\n\t\t\t\t\t\t<\/div>\n\t\t\t\t<\/div>\n\t\t<div class=\"elementor-element elementor-element-d010810 e-grid e-con-boxed e-con e-child\" data-id=\"d010810\" data-element_type=\"container\" data-e-type=\"container\">\n\t\t\t\t\t<div class=\"e-con-inner\">\n\t\t\t\t<div class=\"elementor-element elementor-element-cf95dbe elementor-widget elementor-widget-text-editor\" data-id=\"cf95dbe\" data-element_type=\"widget\" data-e-type=\"widget\" data-widget_type=\"text-editor.default\">\n\t\t\t\t<div class=\"elementor-widget-container\">\n\t\t\t\t\t\t\t\t\t<h5><b>TSV Friedrichshafen-Fischbach 1914 e.V.<\/b><\/h5><h5 style=\"padding-left: 40px;\"><span style=\"font-weight: normal;\">Hansjakobstr. 2\/1<br \/>88048 Friedrichshafen<\/span><\/h5><h5><b>Registereintrag:<\/b><\/h5><p style=\"padding-left: 40px;\"><span style=\"font-weight: normal;\">Vereinsregister: VR 630024<br \/>Registergericht: Amtsgericht Ulm<\/span><\/p><p style=\"padding-left: 40px;\">Vertreten durch: Ute K\u00f6hler<br \/>Telefon: +49 7541 41250<br \/><b>E-Mail:<\/b><span style=\"font-weight: normal;\">\u00a0&#x74;&#x73;&#118;&#64;&#115;&#103;m-f&#x69;&#x73;&#x63;&#x68;&#x62;&#97;&#99;&#104;-sc&#x68;&#x6e;&#x65;&#x74;&#x7a;&#101;&#110;&#104;aus&#x65;&#x6e;&#x2e;&#x64;&#x65;<\/span><\/p>\t\t\t\t\t\t\t\t<\/div>\n\t\t\t\t<\/div>\n\t\t\t\t<div class=\"elementor-element elementor-element-0dcf7a3 elementor-widget elementor-widget-text-editor\" data-id=\"0dcf7a3\" data-element_type=\"widget\" data-e-type=\"widget\" data-widget_type=\"text-editor.default\">\n\t\t\t\t<div class=\"elementor-widget-container\">\n\t\t\t\t\t\t\t\t\t<h5><b>Ski-Club Schnetzenhausen e.V.<\/b><\/h5><h5 style=\"padding-left: 40px;\"><span style=\"font-weight: normal;\">Friedrich-List Weg 2<br \/>88048 Friedrichshafen<\/span><\/h5><h5><b>Registereintrag:<\/b><\/h5><p style=\"padding-left: 40px;\"><span style=\"font-weight: normal;\">Vereinsregister: VR 630053<br \/>Registergericht: Amtsgericht Ulm<\/span><\/p><p style=\"padding-left: 40px;\">Vertreten durch: Georg Bercher<br \/>Telefon:<br \/><b>E-Mail:<\/b><span style=\"font-weight: normal;\"> sc&#115;&#64;&#115;&#x67;&#x6d;&#x2d;&#x66;&#x69;sc&#104;&#98;&#97;&#x63;&#x68;&#x2d;&#x73;&#x63;hn&#101;&#116;&#122;&#x65;&#x6e;&#x68;&#x61;&#x75;se&#110;&#46;&#100;&#x65;<\/span><\/p>\t\t\t\t\t\t\t\t<\/div>\n\t\t\t\t<\/div>\n\t\t\t\t\t<\/div>\n\t\t\t\t<\/div>\n\t\t\t\t<div class=\"elementor-element elementor-element-e962d80 elementor-widget elementor-widget-text-editor\" data-id=\"e962d80\" data-element_type=\"widget\" data-e-type=\"widget\" data-widget_type=\"text-editor.default\">\n\t\t\t\t<div class=\"elementor-widget-container\">\n\t\t\t\t\t\t\t\t\t<h5><span style=\"font-family: Arial, sans-serif;\"><span style=\"font-size: large;\"><b>Redaktionell verantwortlich:<\/b><\/span><\/span><\/h5><p style=\"padding-left: 40px;\"><span style=\"font-family: Arial, sans-serif;\"><span style=\"font-size: large;\"><span style=\"font-size: medium;\">Karlheinz Kandler<br \/>Sternbergweg 11<br \/>88048 Friedrichshafen<\/span><\/span><\/span><\/p><p><span style=\"font-family: Arial, sans-serif;\"><span style=\"font-size: medium;\">Wir sind nicht bereit oder verpflichtet, an Streitbeilegungsverfahren vor einer Verbraucherschlichtungsstelle teilzunehmen. <\/span><\/span><\/p><p><span style=\"font-family: Arial, sans-serif;\"><span style=\"font-size: medium;\">Quelle: https:\/\/www.e-recht24.de\/impressum-generator.html<\/span><\/span><\/p><p><span style=\"font-family: Arial, sans-serif;\"><span style=\"font-size: large;\">\u00a0<\/span><\/span><\/p><h5><span style=\"font-family: Arial, sans-serif;\"><span style=\"font-size: large;\"><b>Haftung und Copyright<\/b><\/span><\/span><\/h5><p><span style=\"font-family: Arial, sans-serif;\"><span style=\"font-size: medium;\">Die Inhalte auf der Website\u00a0<\/span><\/span><strong><span style=\"color: #000000;\"><span style=\"font-family: Arial, sans-serif;\"><span style=\"font-size: medium;\"><a style=\"color: #000000;\" href=\"http:\/\/sgm-fischbach-schnetzenhausen.de\/sgm\/\">www.sgm<\/a>-fischbach-schnetzenhausen.de<\/span><\/span><\/span><\/strong><span style=\"font-family: Arial, sans-serif;\"><span style=\"font-size: medium;\">\u00a0und allen ihren Unterprojekten wurden mit h\u00f6chstm\u00f6glicher Sorgfalt erstellt. Eine Haftung f\u00fcr fehlerhafte oder unrichtige Informationen ist ausgeschlossen. Alle in den Texten eventuell erw\u00e4hnten Markennamen und Warenzeichen sind gesch\u00e4tztes Eigentum ihrer Inhaber. Die Inhalte der Seiten wie Texte, Fotos und Grafiken sind urheberrechtlich gesch\u00fctzt.<\/span><\/span><\/p><p><span style=\"font-family: Arial, sans-serif;\"><span style=\"font-size: medium;\">Sollten von <\/span><\/span><strong><span style=\"color: #000000;\"><span style=\"font-family: Arial, sans-serif;\"><span style=\"font-size: medium;\"><a style=\"color: #000000;\" href=\"http:\/\/sgm-fischbach-schnetzenhausen.de\/sgm\/\">www.sgm<\/a>-fischbach-schnetzenhausen.de<\/span><\/span><\/span><\/strong><span style=\"font-family: Arial, sans-serif;\"><span style=\"font-size: medium;\">\u00a0gelinkte Seiten auf Inhalte verweisen, die rechtlich bedenklich sind oder gegen Rechte Dritter versto\u00dfen, bitten wir um eine entsprechende Mitteilung.<\/span><\/span><\/p><p><span style=\"font-family: Arial, sans-serif;\"><span style=\"font-size: medium;\">\u00a0<\/span><\/span><\/p><h5><span style=\"font-family: Arial, sans-serif;\"><span style=\"font-size: large;\"><b>Haftungsausschluss<\/b><\/span><\/span><\/h5><p><b style=\"font-size: large; font-style: inherit; color: var( --e-global-color-astglobalcolor2 ); text-align: var(--text-align); background-color: var(--ast-global-color-5);\">\u00a0<\/b><\/p><h5><b style=\"font-size: large; font-style: inherit; color: var( --e-global-color-astglobalcolor2 ); text-align: var(--text-align); background-color: var(--ast-global-color-5);\">1. Inhalt des Onlineangebotes<\/b><\/h5><p><span style=\"font-family: Arial, sans-serif;\"><span style=\"font-size: large;\"><span style=\"font-size: medium;\">Der Autor \u00fcbernimmt keinerlei Gew\u00e4hr f\u00fcr die Aktualit\u00e4t, Korrektheit, Vollst\u00e4ndigkeit oder Qualit\u00e4t der bereitgestellten Informationen. Haftungsanspr\u00fcche gegen den Autor, welche sich auf Sch\u00e4den materieller oder ideeller Art beziehen, die durch die Nutzung oder Nichtnutzung der dargebotenen Informationen bzw. durch die Nutzung fehlerhafter und unvollst\u00e4ndiger Informationen verursacht wurden, sind grunds\u00e4tzlich ausgeschlossen, sofern seitens des Autors kein nachweislich vors\u00e4tzliches oder grob fahrl\u00e4ssiges Verschulden vorliegt. Alle Angebote sind freibleibend und unverbindlich. Der Autor beh\u00e4lt es sich ausdr\u00fccklich vor, Teile der Seiten oder das gesamte Angebot ohne gesonderte Ank\u00fcndigung zu ver\u00e4ndern, zu erg\u00e4nzen, zu l\u00f6schen oder die Ver\u00f6ffentlichung zeitweise oder endg\u00fcltig einzustellen.<\/span><\/span><\/span><\/p><p><b style=\"font-style: inherit; color: var( --e-global-color-astglobalcolor2 ); text-align: var(--text-align); background-color: var(--ast-global-color-5);\">\u00a0<\/b><\/p><h5><b style=\"font-style: inherit; color: var( --e-global-color-astglobalcolor2 ); text-align: var(--text-align); background-color: var(--ast-global-color-5);\">2. Verweise und Links<\/b><\/h5><p><span style=\"font-size: medium;\">Bei direkten oder indirekten Verweisen auf fremde Webseiten (\u201eHyperlinks\u201c), die au\u00dferhalb des Verantwortungsbereiches des Autors liegen, w\u00fcrde eine Haftungsverpflichtung ausschlie\u00dflich in dem Fall in Kraft treten, in dem der Autor von den Inhalten Kenntnis hat und es ihm technisch m\u00f6glich und zumutbar w\u00e4re, die Nutzung im Falle rechtswidriger Inhalte zu verhindern. Der Autor erkl\u00e4rt hiermit ausdr\u00fccklich, dass zum Zeitpunkt der Linksetzung keine illegalen Inhalte auf den zu verlinkenden Seiten erkennbar waren. Auf die aktuelle und zuk\u00fcnftige Gestaltung, die Inhalte oder die Urheberschaft der verlinkten\/verkn\u00fcpften Seiten hat der Autor keinerlei Einfluss. Deshalb distanziert er sich hiermit ausdr\u00fccklich von allen Inhalten aller verlinkten\/verkn\u00fcpften Seiten, die nach der Linksetzung ver\u00e4ndert wurden. Diese Feststellung gilt f\u00fcr alle innerhalb des eigenen Internetangebotes gesetzten Links und Verweise sowie f\u00fcr Fremdeintr\u00e4ge in vom Autor eingerichteten G\u00e4steb\u00fccher, Diskussionsforen, Linkverzeichnissen, Mailinglisten und in allen anderen Formen von Datenbanken, auf deren Inhalt externe Schreibzugriffe m\u00f6glich sind. F\u00fcr illegale, fehlerhafte oder unvollst\u00e4ndige Inhalte und insbesondere f\u00fcr Sch\u00e4den, die aus der Nutzung oder Nichtnutzung solcherart dargebotener Informationen entstehen, haftet allein der<\/span> <span style=\"font-size: medium;\">Anbieter der Seite, auf welche verwiesen wurde, nicht derjenige, der \u00fcber Links auf die jeweilige Ver\u00f6ffentlichung lediglich verweist.<\/span><\/p><p><b>\u00a0<\/b><\/p><h5><b>3. Urheber- und Kennzeichenrecht<\/b><\/h5><p><span style=\"font-size: medium;\">Der Autor ist bestrebt, in allen Publikationen die Urheberrechte der verwendeten Bilder, Grafiken, Tondokumente, Videosequenzen und Texte zu beachten, von ihm selbst erstellte Bilder, Grafiken,<\/span> <span style=\"font-size: medium;\">Tondokumente, Videosequenzen und Texte zu nutzen oder auf lizenzfreie Grafiken, Tondokumente, Videosequenzen und Texte zur\u00fcckzugreifen. Alle innerhalb des Internetangebotes genannten und ggf. durch Dritte gesch\u00fctzten Marken- und Warenzeichen unterliegen uneingeschr\u00e4nkt den Bestimmungen des jeweils g\u00fcltigen Kennzeichenrechts und den Besitzrechten der jeweiligen eingetragenen Eigent\u00fcmer. Allein aufgrund der blo\u00dfen Nennung ist nicht der Schluss zu ziehen, dass Markenzeichen nicht durch Rechte Dritter gesch\u00fctzt sind.<\/span><\/p><p>Das Copyright f\u00fcr ver\u00f6ffentlichte, vom Autor selbst erstellte Objekte bleibt allein beim Autor der Seiten. Eine Vervielf\u00e4ltigung oder Verwendung solcher Grafiken, Tondokumente, Videosequenzen und Texte in anderen elektronischen oder gedruckten Publikationen ist ohne ausdr\u00fcckliche Zustimmung des Autors nicht gestattet.<\/p><h5><span style=\"font-size: medium;\"><b>4. Datenschutz<\/b><\/span><\/h5><p><span style=\"font-size: medium;\">Die Betreiber dieser Seiten nehmen den Schutz Ihrer pers\u00f6nlichen Daten sehr ernst und halten und strikt an die Regeln der Datenschutzgesetze. Personenbezogene Daten werden auf dieser Webseite nur im technisch notwendigen Umfang erhoben. Wir behandeln Ihre personenbezogenen Daten vertraulich und entsprechend der gesetzlichen Datenschutzvorschriften sowie dieser Datenschutzerkl\u00e4rung. <\/span><\/p><p><span style=\"font-family: Arial, sans-serif;\"><span style=\"font-size: medium;\">Die Nutzung unserer Webseite ist in der Regel ohne Angabe personenbezogener Daten m\u00f6glich. Soweit auf unseren Seiten personenbezogene Daten (beispielsweise Name, Anschrift oder E-Mail-Adressen) erhoben werden, erfolgt dies, soweit m\u00f6glich, stets auf freiwilliger Basis. Diese Daten werden ohne Ihre ausdr\u00fcckliche Zustimmung nicht an Dritte weitergegeben.<\/span><\/span><\/p><p><span style=\"font-family: Arial, sans-serif;\"><span style=\"font-size: medium;\">Wir weisen darauf hin, dass die Daten\u00fcbertragung im Internet (z.B. bei der Kommunikation per E-Mail) Sicherheitsl\u00fccken aufweisen kann. Ein l\u00fcckenloser Schutz der Daten vor dem Zugriff durch Dritte ist nicht m\u00f6glich.<\/span><\/span><\/p><p><span style=\"font-family: Arial, sans-serif;\"><span style=\"font-size: large;\"><span style=\"font-size: medium;\">Die nachfolgende Erkl\u00e4rung gibt Ihnen einen \u00dcberblick dar\u00fcber, wie wir diesen Schutz gew\u00e4hrleisten und welche Art von Daten zu welchem Zweck erhoben werden.<\/span><\/span><\/span><\/p><p><span style=\"font-family: Arial, sans-serif;\"><span style=\"font-size: large;\"><span style=\"font-size: medium;\">\u00a0<\/span><\/span><\/span><\/p><h5><span style=\"font-size: medium;\"><b>Datenverarbeitung auf dieser Internetseite<\/b><\/span><\/h5><p><span style=\"font-size: medium;\">Die Betreiber dieser Website erheben und speichern automatisch in ihrem Server Informationen, die Ihr Browser an uns \u00fcbermittelt. Dies sind:<\/span><\/p><ul><li>Browsertyp\/ -version<br \/>verwendetes Betriebssystem<\/li><li>Referrer URL (die zuvor besuchte Seite)<\/li><li>Hostname des zugreifenden Rechners (IP Adresse)<\/li><li>Uhrzeit der Serveranfrage<\/li><\/ul><p>Diese Daten sind f\u00fcr den TSV-Fischbach e.V. nicht bestimmten Personen zuordenbar. Eine Zusammenf\u00fchrung dieser Daten mit anderen Datenquellen wird nicht vorgenommen. Die Daten werden ausschlie\u00dflich zur statistischen Auswertung benutzt.<\/p><h5><b>Cookies<\/b><\/h5><p><span style=\"font-size: medium;\">Die Internetseiten verwenden an mehreren Stellen so genannte Cookies. Sie dienen dazu, unser Angebot benutzerfreundlicher, effektiver und sicherer zu machen. Cookies sind kleine Textdateien, die auf Ihrem Rechner abgelegt werden und die Ihr Browser speichert. Die meisten der von uns verwendeten Cookies sind so genannte \u201eSession-Cookies\u201c. Sie werden nach Ende Ihren Besuchs automatisch gel\u00f6scht. Cookies richten auf Ihrem Rechner keinen Schaden an und enthalten keine Viren.<\/span><\/p><p><span style=\"font-size: medium;\">\u00a0<\/span><\/p><h5><b>Newsletter und Anmeldung<\/b><\/h5><p><span style=\"font-size: medium;\">Wenn Sie den auf der Webseite angebotenen Newsletter empfangen m\u00f6chten, ben\u00f6tigen wir von Ihnen eine valide E-Mail-Adresse sowie Informationen, die uns die \u00dcberpr\u00fcfung gestatten, dass Sie der Inhaber der angegebenen E-Mail-Adresse sind bzw. deren Inhaber mit dem Empfang des Newsletters einverstanden ist. Weitere Daten werden nicht erhoben.<\/span><\/p><p><span style=\"font-size: medium;\">Ihre Einwilligung zur Speicherung der Daten, der E-Mail-Adresse sowie deren Nutzung zum Versand des Newsletters k\u00f6nne<\/span><span style=\"font-size: medium;\">n<\/span><span style=\"font-size: medium;\"> Sie jederzeit widerrufen.<\/span><\/p><p><span style=\"font-family: Arial, sans-serif;\"><span style=\"font-size: large;\">\u00a0<\/span><\/span><\/p><h5><span style=\"font-family: Arial, sans-serif;\"><span style=\"font-size: large;\"><b>Auskunftsrecht<\/b><\/span><\/span><\/h5><p><span style=\"font-family: Arial, sans-serif;\"><span style=\"font-size: large;\"><span style=\"font-size: medium;\">Sie haben jederzeit das Recht auf Auskunft \u00fcber die bez\u00fcglich Ihrer Person gespeicherten Daten, deren Herkunft und Empf\u00e4nger sowie den Zweck der Datenverarbeitung. Auskunft \u00fcber die gespeicherten Daten gibt der TSV-Fischbach e.V.<\/span><\/span><\/span><\/p><p><span style=\"font-family: Arial, sans-serif;\"><span style=\"font-size: large;\"><span style=\"font-size: medium;\">\u00a0<\/span><\/span><\/span><\/p><h5><b>Weitere Informationen<\/b><\/h5><p>I<span style=\"font-size: medium;\">hr Vertrauen ist uns wichtig. Daher m\u00f6chten wir Ihnen jederzeit Rede und Antwort bez\u00fcglich der Verarbeitung Ihrer personenbezogenen Daten stehen. Wenn Sie Fragen haben, die Ihnen diese Datenschutzerkl\u00e4rung nicht beantworten konnte oder wenn Sie zu einem Punkt vertieft Informationen w\u00fcnschen, wenden Sie sich bitte jederzeit an den TSV Friedrichshafen-Fischbach 1914 e.V. sowie der SC Schnetzenhausen e.V.<\/span><b><\/b><\/p><p>5. Rechtswirksamkeit dieses Haftungsausschlusses<br \/><span style=\"font-size: medium;\">Dieser Haftungsausschluss ist als Teil des Internetangebotes zu betrachten, von dem aus auf diese Seite verwiesen wurde. Sofern Teile oder einzelne Formulierungen dieses Textes der geltenden Rechtslage nicht mehr oder nicht vollst\u00e4ndig entsprechen sollten, bleiben die \u00fcbrigen Teile des Dokumentes in Ihrem Inhalt und Ihrer G\u00fcltigkeit davon unber\u00fchrt.<\/span><\/p><p><span style=\"font-size: medium;\">\u00a0<\/span><\/p><h5 style=\"font-style: normal;\"><span style=\"font-size: large;\">Alle Angaben gem\u00e4\u00df \u00a7 5 TMG<\/span><\/h5>\t\t\t\t\t\t\t\t<\/div>\n\t\t\t\t<\/div>\n\t\t\t\t\t<\/div>\n\t\t\t\t<\/div>\n\t\t\t\t<\/div>\n\t\t","protected":false},"excerpt":{"rendered":"<p>Impressum TSV Friedrichshafen-Fischbach 1914 e.V. Hansjakobstr. 2\/188048 Friedrichshafen Registereintrag: Vereinsregister: VR 630024Registergericht: Amtsgericht Ulm Vertreten durch: Ute K\u00f6hlerTelefon: +49 7541 [&hellip;]<\/p>\n","protected":false},"author":1,"featured_media":0,"parent":0,"menu_order":0,"comment_status":"closed","ping_status":"closed","template":"","meta":{"site-sidebar-layout":"no-sidebar","site-content-layout":"","ast-site-content-layout":"full-width-container","site-content-style":"default","site-sidebar-style":"default","ast-global-header-display":"","ast-banner-title-visibility":"","ast-main-header-display":"","ast-hfb-above-header-display":"","ast-hfb-below-header-display":"","ast-hfb-mobile-header-display":"","site-post-title":"disabled","ast-breadcrumbs-content":"","ast-featured-img":"disabled","footer-sml-layout":"","ast-disable-related-posts":"","theme-transparent-header-meta":"","adv-header-id-meta":"","stick-header-meta":"","header-above-stick-meta":"","header-main-stick-meta":"","header-below-stick-meta":"","astra-migrate-meta-layouts":"default","ast-page-background-enabled":"default","ast-page-background-meta":{"desktop":{"background-color":"var(--ast-global-color-4)","background-image":"","background-repeat":"repeat","background-position":"center center","background-size":"auto","background-attachment":"scroll","background-type":"","background-media":"","overlay-type":"","overlay-color":"","overlay-opacity":"","overlay-gradient":""},"tablet":{"background-color":"","background-image":"","background-repeat":"repeat","background-position":"center center","background-size":"auto","background-attachment":"scroll","background-type":"","background-media":"","overlay-type":"","overlay-color":"","overlay-opacity":"","overlay-gradient":""},"mobile":{"background-color":"","background-image":"","background-repeat":"repeat","background-position":"center center","background-size":"auto","background-attachment":"scroll","background-type":"","background-media":"","overlay-type":"","overlay-color":"","overlay-opacity":"","overlay-gradient":""}},"ast-content-background-meta":{"desktop":{"background-color":"var(--ast-global-color-5)","background-image":"","background-repeat":"repeat","background-position":"center center","background-size":"auto","background-attachment":"scroll","background-type":"","background-media":"","overlay-type":"","overlay-color":"","overlay-opacity":"","overlay-gradient":""},"tablet":{"background-color":"var(--ast-global-color-5)","background-image":"","background-repeat":"repeat","background-position":"center center","background-size":"auto","background-attachment":"scroll","background-type":"","background-media":"","overlay-type":"","overlay-color":"","overlay-opacity":"","overlay-gradient":""},"mobile":{"background-color":"var(--ast-global-color-5)","background-image":"","background-repeat":"repeat","background-position":"center center","background-size":"auto","background-attachment":"scroll","background-type":"","background-media":"","overlay-type":"","overlay-color":"","overlay-opacity":"","overlay-gradient":""}},"footnotes":""},"class_list":["post-2951","page","type-page","status-publish","hentry"],"_links":{"self":[{"href":"https:\/\/sgm-fischbach-schnetzenhausen.de\/sgm\/wp-json\/wp\/v2\/pages\/2951","targetHints":{"allow":["GET"]}}],"collection":[{"href":"https:\/\/sgm-fischbach-schnetzenhausen.de\/sgm\/wp-json\/wp\/v2\/pages"}],"about":[{"href":"https:\/\/sgm-fischbach-schnetzenhausen.de\/sgm\/wp-json\/wp\/v2\/types\/page"}],"author":[{"embeddable":true,"href":"https:\/\/sgm-fischbach-schnetzenhausen.de\/sgm\/wp-json\/wp\/v2\/users\/1"}],"replies":[{"embeddable":true,"href":"https:\/\/sgm-fischbach-schnetzenhausen.de\/sgm\/wp-json\/wp\/v2\/comments?post=2951"}],"version-history":[{"count":0,"href":"https:\/\/sgm-fischbach-schnetzenhausen.de\/sgm\/wp-json\/wp\/v2\/pages\/2951\/revisions"}],"wp:attachment":[{"href":"https:\/\/sgm-fischbach-schnetzenhausen.de\/sgm\/wp-json\/wp\/v2\/media?parent=2951"}],"curies":[{"name":"wp","href":"https:\/\/api.w.org\/{rel}","templated":true}]}}